{"id":504,"date":"2023-07-13T21:56:01","date_gmt":"2023-07-13T21:56:01","guid":{"rendered":"https:\/\/tecnolurik.com.mx\/?page_id=504"},"modified":"2023-07-14T16:28:02","modified_gmt":"2023-07-14T16:28:02","slug":"nosotros-2","status":"publish","type":"page","link":"https:\/\/tecnolurik.com.mx\/?page_id=504","title":{"rendered":"Nosotros"},"content":{"rendered":"\t\t<div data-elementor-type=\"wp-page\" data-elementor-id=\"504\" class=\"elementor elementor-504\" data-elementor-settings=\"[]\">\n\t\t\t\t\t\t\t<div class=\"elementor-section-wrap\">\n\t\t\t\t\t\t\t<section class=\"elementor-section elementor-top-section elementor-element elementor-element-fb5bd1a elementor-section-boxed elementor-section-height-default elementor-section-height-default\" data-id=\"fb5bd1a\" data-element_type=\"section\">\n\t\t\t\t\t\t<div class=\"elementor-container elementor-column-gap-default\">\n\t\t\t\t\t<div class=\"elementor-column elementor-col-100 elementor-top-column elementor-element elementor-element-ab1c54a\" data-id=\"ab1c54a\" data-element_type=\"column\">\n\t\t\t<div class=\"elementor-widget-wrap elementor-element-populated\">\n\t\t\t\t\t\t\t\t<section class=\"elementor-section elementor-inner-section elementor-element elementor-element-6ad8c07 elementor-section-boxed elementor-section-height-default elementor-section-height-default\" data-id=\"6ad8c07\" data-element_type=\"section\">\n\t\t\t\t\t\t<div class=\"elementor-container elementor-column-gap-default\">\n\t\t\t\t\t<div class=\"elementor-column elementor-col-50 elementor-inner-column elementor-element elementor-element-19b6c3b\" data-id=\"19b6c3b\" data-element_type=\"column\">\n\t\t\t<div class=\"elementor-widget-wrap\">\n\t\t\t\t\t\t\t\t\t<\/div>\n\t\t<\/div>\n\t\t\t\t<div class=\"elementor-column elementor-col-50 elementor-inner-column elementor-element elementor-element-94b1e5c\" data-id=\"94b1e5c\" data-element_type=\"column\">\n\t\t\t<div class=\"elementor-widget-wrap\">\n\t\t\t\t\t\t\t\t\t<\/div>\n\t\t<\/div>\n\t\t\t\t\t\t\t<\/div>\n\t\t<\/section>\n\t\t\t\t\t<\/div>\n\t\t<\/div>\n\t\t\t\t\t\t\t<\/div>\n\t\t<\/section>\n\t\t\t\t<section class=\"elementor-section elementor-top-section elementor-element elementor-element-944a023 elementor-section-boxed elementor-section-height-default elementor-section-height-default\" data-id=\"944a023\" data-element_type=\"section\">\n\t\t\t\t\t\t<div class=\"elementor-container elementor-column-gap-default\">\n\t\t\t\t\t<div class=\"elementor-column elementor-col-100 elementor-top-column elementor-element elementor-element-e19133c\" data-id=\"e19133c\" data-element_type=\"column\">\n\t\t\t<div class=\"elementor-widget-wrap elementor-element-populated\">\n\t\t\t\t\t\t\t\t<div class=\"elementor-element elementor-element-d7b15c3 elementor-invisible elementor-widget elementor-widget-text-editor\" data-id=\"d7b15c3\" data-element_type=\"widget\" data-settings=\"{&quot;_animation&quot;:&quot;zoomInDown&quot;,&quot;_animation_delay&quot;:100}\" data-widget_type=\"text-editor.default\">\n\t\t\t\t<div class=\"elementor-widget-container\">\n\t\t\t\t\t\t\t\t<h3>\u00a0<\/h3><h3>\u00a0<\/h3><h3>Nosotros<\/h3><p>Somos una empresa 100% mexicana l\u00edder en el mercado de soluciones de control contable con un equipo altamente especializado en tecnolog\u00edas digitales en la nube y seguridad de bases de datos; y datos personales.<\/p>\t\t\t\t\t\t<\/div>\n\t\t\t\t<\/div>\n\t\t\t\t\t<\/div>\n\t\t<\/div>\n\t\t\t\t\t\t\t<\/div>\n\t\t<\/section>\n\t\t\t\t<section class=\"elementor-section elementor-top-section elementor-element elementor-element-c09b5c8 elementor-section-boxed elementor-section-height-default elementor-section-height-default\" data-id=\"c09b5c8\" data-element_type=\"section\">\n\t\t\t\t\t\t<div class=\"elementor-container elementor-column-gap-default\">\n\t\t\t\t\t<div class=\"elementor-column elementor-col-33 elementor-top-column elementor-element elementor-element-072cbed\" data-id=\"072cbed\" data-element_type=\"column\">\n\t\t\t<div class=\"elementor-widget-wrap elementor-element-populated\">\n\t\t\t\t\t\t\t\t<div class=\"elementor-element elementor-element-7fff422 elementor-invisible elementor-widget elementor-widget-text-editor\" data-id=\"7fff422\" data-element_type=\"widget\" data-settings=\"{&quot;_animation&quot;:&quot;slideInDown&quot;,&quot;_animation_delay&quot;:300}\" data-widget_type=\"text-editor.default\">\n\t\t\t\t<div class=\"elementor-widget-container\">\n\t\t\t\t\t\t\t\t<ul><li>Especialistas en tecnolog\u00edas en las nubes AWS, Azure y Google Cloud con enfoque espec\u00edfico en la integridad de la informaci\u00f3n de las empresas y personas, as\u00ed como consultores enfocados en la definici\u00f3n del gobierno de tecnolog\u00edas de la informaci\u00f3n.<\/li><\/ul><ul><li>Nuestras herramientas y nuestros expertos en an\u00e1lisis de datos proveen a nuestros clientes insights acerca de la administraci\u00f3n de sus empresas que les permiten tomar decisiones m\u00e1s r\u00e1pida y eficientemente.<\/li><\/ul>\t\t\t\t\t\t<\/div>\n\t\t\t\t<\/div>\n\t\t\t\t\t<\/div>\n\t\t<\/div>\n\t\t\t\t<div class=\"elementor-column elementor-col-66 elementor-top-column elementor-element elementor-element-7eab2f7\" data-id=\"7eab2f7\" data-element_type=\"column\">\n\t\t\t<div class=\"elementor-widget-wrap elementor-element-populated\">\n\t\t\t\t\t\t\t\t<div class=\"elementor-element elementor-element-a9dd701 elementor-invisible elementor-widget elementor-widget-image\" data-id=\"a9dd701\" data-element_type=\"widget\" data-settings=\"{&quot;_animation&quot;:&quot;fadeInLeft&quot;,&quot;_animation_delay&quot;:400}\" data-widget_type=\"image.default\">\n\t\t\t\t<div class=\"elementor-widget-container\">\n\t\t\t\t\t\t\t\t\t\t\t\t\t\t\t<img loading=\"lazy\" decoding=\"async\" width=\"615\" height=\"442\" src=\"https:\/\/tecnolurik.com.mx\/wp-content\/uploads\/2023\/07\/soluciones-cloud.jpg\" class=\"attachment-medium_large size-medium_large\" alt=\"\" srcset=\"https:\/\/tecnolurik.com.mx\/wp-content\/uploads\/2023\/07\/soluciones-cloud.jpg 615w, https:\/\/tecnolurik.com.mx\/wp-content\/uploads\/2023\/07\/soluciones-cloud-300x216.jpg 300w\" sizes=\"auto, (max-width: 615px) 100vw, 615px\" \/>\t\t\t\t\t\t\t\t\t\t\t\t\t\t\t<\/div>\n\t\t\t\t<\/div>\n\t\t\t\t\t<\/div>\n\t\t<\/div>\n\t\t\t\t\t\t\t<\/div>\n\t\t<\/section>\n\t\t\t\t<section class=\"elementor-section elementor-top-section elementor-element elementor-element-e2e9299 elementor-section-boxed elementor-section-height-default elementor-section-height-default\" data-id=\"e2e9299\" data-element_type=\"section\">\n\t\t\t\t\t\t<div class=\"elementor-container elementor-column-gap-default\">\n\t\t\t\t\t<div class=\"elementor-column elementor-col-33 elementor-top-column elementor-element elementor-element-ce6a8b6\" data-id=\"ce6a8b6\" data-element_type=\"column\">\n\t\t\t<div class=\"elementor-widget-wrap elementor-element-populated\">\n\t\t\t\t\t\t\t\t<div class=\"elementor-element elementor-element-b6d7993 elementor-invisible elementor-widget elementor-widget-text-editor\" data-id=\"b6d7993\" data-element_type=\"widget\" data-settings=\"{&quot;_animation&quot;:&quot;slideInUp&quot;,&quot;_animation_delay&quot;:600}\" data-widget_type=\"text-editor.default\">\n\t\t\t\t<div class=\"elementor-widget-container\">\n\t\t\t\t\t\t\t\t<p><strong>NUESTRA MISI\u00d3N:<\/strong><\/p><p>Proveer soluciones a la medida que busquen automatizar la administraci\u00f3n de las micro, peque\u00f1as, medianas, grandes empresas e Instituciones de Gobierno de Latinoam\u00e9rica con las soluciones tecnol\u00f3gicas m\u00e1s avanzadas e innovadoras del mercado.<\/p><p>\u00a0<\/p><p><strong>NUESTRA VISI\u00d3N:<\/strong><\/p><p>Ser el punto de referencia en Latinoam\u00e9rica para el desarrollo e implementaci\u00f3n de soluciones de control contable, recursos humanos, y confidencialidad de datos y gobierno de tecnolog\u00edas de la informaci\u00f3n.<\/p>\t\t\t\t\t\t<\/div>\n\t\t\t\t<\/div>\n\t\t\t\t\t<\/div>\n\t\t<\/div>\n\t\t\t\t<div class=\"elementor-column elementor-col-66 elementor-top-column elementor-element elementor-element-0be49ce\" data-id=\"0be49ce\" data-element_type=\"column\">\n\t\t\t<div class=\"elementor-widget-wrap elementor-element-populated\">\n\t\t\t\t\t\t\t\t<div class=\"elementor-element elementor-element-47b5c5f elementor-invisible elementor-widget elementor-widget-image\" data-id=\"47b5c5f\" data-element_type=\"widget\" data-settings=\"{&quot;_animation&quot;:&quot;rotateIn&quot;,&quot;_animation_delay&quot;:700}\" data-widget_type=\"image.default\">\n\t\t\t\t<div class=\"elementor-widget-container\">\n\t\t\t\t\t\t\t\t\t\t\t\t\t\t\t<img loading=\"lazy\" decoding=\"async\" width=\"1200\" height=\"900\" src=\"https:\/\/tecnolurik.com.mx\/wp-content\/uploads\/2023\/07\/oficinas-it.jpg\" class=\"attachment-full size-full\" alt=\"\" srcset=\"https:\/\/tecnolurik.com.mx\/wp-content\/uploads\/2023\/07\/oficinas-it.jpg 1200w, https:\/\/tecnolurik.com.mx\/wp-content\/uploads\/2023\/07\/oficinas-it-300x225.jpg 300w, https:\/\/tecnolurik.com.mx\/wp-content\/uploads\/2023\/07\/oficinas-it-1024x768.jpg 1024w, https:\/\/tecnolurik.com.mx\/wp-content\/uploads\/2023\/07\/oficinas-it-768x576.jpg 768w\" sizes=\"auto, (max-width: 1200px) 100vw, 1200px\" \/>\t\t\t\t\t\t\t\t\t\t\t\t\t\t\t<\/div>\n\t\t\t\t<\/div>\n\t\t\t\t\t<\/div>\n\t\t<\/div>\n\t\t\t\t\t\t\t<\/div>\n\t\t<\/section>\n\t\t\t\t\t\t<\/div>\n\t\t\t\t\t<\/div>\n\t\t","protected":false},"excerpt":{"rendered":"<p>\u00a0 \u00a0 Nosotros Somos una empresa 100% mexicana l\u00edder en el mercado de soluciones de control contable con un equipo altamente especializado en tecnolog\u00edas digitales en la nube y seguridad de bases de datos; y datos personales. Especialistas en tecnolog\u00edas en las nubes AWS, Azure y Google Cloud con enfoque espec\u00edfico en la integridad de &hellip;<\/p>\n<p class=\"read-more\"> <a class=\"\" href=\"https:\/\/tecnolurik.com.mx\/?page_id=504\"> <span class=\"screen-reader-text\">Nosotros<\/span> Leer m\u00e1s &raquo;<\/a><\/p>\n","protected":false},"author":1,"featured_media":0,"parent":0,"menu_order":0,"comment_status":"closed","ping_status":"closed","template":"","meta":{"footnotes":""},"class_list":["post-504","page","type-page","status-publish","hentry"],"_links":{"self":[{"href":"https:\/\/tecnolurik.com.mx\/index.php?rest_route=\/wp\/v2\/pages\/504","targetHints":{"allow":["GET"]}}],"collection":[{"href":"https:\/\/tecnolurik.com.mx\/index.php?rest_route=\/wp\/v2\/pages"}],"about":[{"href":"https:\/\/tecnolurik.com.mx\/index.php?rest_route=\/wp\/v2\/types\/page"}],"author":[{"embeddable":true,"href":"https:\/\/tecnolurik.com.mx\/index.php?rest_route=\/wp\/v2\/users\/1"}],"replies":[{"embeddable":true,"href":"https:\/\/tecnolurik.com.mx\/index.php?rest_route=%2Fwp%2Fv2%2Fcomments&post=504"}],"version-history":[{"count":31,"href":"https:\/\/tecnolurik.com.mx\/index.php?rest_route=\/wp\/v2\/pages\/504\/revisions"}],"predecessor-version":[{"id":738,"href":"https:\/\/tecnolurik.com.mx\/index.php?rest_route=\/wp\/v2\/pages\/504\/revisions\/738"}],"wp:attachment":[{"href":"https:\/\/tecnolurik.com.mx\/index.php?rest_route=%2Fwp%2Fv2%2Fmedia&parent=504"}],"curies":[{"name":"wp","href":"https:\/\/api.w.org\/{rel}","templated":true}]}}